{"id":3272,"date":"2025-01-26T12:21:20","date_gmt":"2025-01-26T11:21:20","guid":{"rendered":"https:\/\/rustventure.com\/gyakran-ismetelt-kerdesek\/"},"modified":"2025-02-24T12:40:16","modified_gmt":"2025-02-24T11:40:16","slug":"gyakran-ismetelt-kerdesek","status":"publish","type":"page","link":"https:\/\/rustventure.com\/hu\/gyakran-ismetelt-kerdesek\/","title":{"rendered":"Gyakran ism\u00e9telt k\u00e9rd\u00e9sek"},"content":{"rendered":"\t\t<div data-elementor-type=\"wp-page\" data-elementor-id=\"3272\" class=\"elementor elementor-3272 elementor-1145\" data-elementor-post-type=\"page\">\n\t\t\t\t<div class=\"elementor-element elementor-element-47db85b e-flex e-con-boxed e-con e-parent\" data-id=\"47db85b\" data-element_type=\"container\" data-settings=\"{&quot;background_background&quot;:&quot;classic&quot;}\">\n\t\t\t\t\t<div class=\"e-con-inner\">\n\t\t\t\t\t<\/div>\n\t\t\t\t<\/div>\n\t\t<div class=\"elementor-element elementor-element-b0e29cb e-flex e-con-boxed e-con e-parent\" data-id=\"b0e29cb\" data-element_type=\"container\">\n\t\t\t\t\t<div class=\"e-con-inner\">\n\t\t<div class=\"elementor-element elementor-element-4ce65e4 e-con-full e-flex e-con e-child\" data-id=\"4ce65e4\" data-element_type=\"container\" data-settings=\"{&quot;background_background&quot;:&quot;classic&quot;}\">\n\t\t\t\t<div class=\"elementor-element elementor-element-05f6033 elementor-headline--style-highlight elementor-widget elementor-widget-animated-headline\" data-id=\"05f6033\" data-element_type=\"widget\" data-settings=\"{&quot;highlighted_text&quot;:&quot;k\\u00e9rd\\u00e9sek&quot;,&quot;headline_style&quot;:&quot;highlight&quot;,&quot;marker&quot;:&quot;circle&quot;,&quot;loop&quot;:&quot;yes&quot;,&quot;highlight_animation_duration&quot;:1200,&quot;highlight_iteration_delay&quot;:8000}\" data-widget_type=\"animated-headline.default\">\n\t\t\t\t<div class=\"elementor-widget-container\">\n\t\t\t\t\t\t\t<h3 class=\"elementor-headline\">\n\t\t\t\t\t<span class=\"elementor-headline-plain-text elementor-headline-text-wrapper\">Gyakran ism\u00e9telt k\u00e9rd\u00e9sek<\/span>\n\t\t\t\t<span class=\"elementor-headline-dynamic-wrapper elementor-headline-text-wrapper\">\n\t\t\t\t\t<span class=\"elementor-headline-dynamic-text elementor-headline-text-active\">k\u00e9rd\u00e9sek<\/span>\n\t\t\t\t<\/span>\n\t\t\t\t<\/h3>\n\t\t\t\t\t\t<\/div>\n\t\t\t\t<\/div>\n\t\t\t\t<div class=\"elementor-element elementor-element-79f6bb0 elementor-widget elementor-widget-text-editor\" data-id=\"79f6bb0\" data-element_type=\"widget\" data-widget_type=\"text-editor.default\">\n\t\t\t\t<div class=\"elementor-widget-container\">\n\t\t\t\t\t\t\t\t\t<h2>Mi van, ha nem vagyok profi lovas?<\/h2><p>J\u00f3l csin\u00e1ltad, \u00edgy keres\u00fcnk t\u00e9ged! Mi sem.<\/p>\t\t\t\t\t\t\t\t<\/div>\n\t\t\t\t<\/div>\n\t\t\t\t<div class=\"elementor-element elementor-element-8eb6e0f elementor-widget elementor-widget-text-editor\" data-id=\"8eb6e0f\" data-element_type=\"widget\" data-widget_type=\"text-editor.default\">\n\t\t\t\t<div class=\"elementor-widget-container\">\n\t\t\t\t\t\t\t\t\t<h2 class=\"Text__StyledSpan-sc-umvsug-0 MNpgc\">Hov\u00e1 m\u00e9sz?<\/h2><p>Kap egy Roadbookot az ellen\u0151rz\u0151 pontokkal, \u00e9s maga v\u00e1laszthatja ki az \u00fatvonalat. Magyarorsz\u00e1gon, Bosznia-Hercegovin\u00e1ban, Montenegr\u00f3ban \u00e9s Alb\u00e1ni\u00e1ban lesznek ellen\u0151rz\u0151pontok.<\/p>\t\t\t\t\t\t\t\t<\/div>\n\t\t\t\t<\/div>\n\t\t\t\t<div class=\"elementor-element elementor-element-e27d1d0 elementor-widget elementor-widget-text-editor\" data-id=\"e27d1d0\" data-element_type=\"widget\" data-widget_type=\"text-editor.default\">\n\t\t\t\t<div class=\"elementor-widget-container\">\n\t\t\t\t\t\t\t\t\t<h2 class=\"Text__StyledSpan-sc-umvsug-0 MNpgc\">Mikor m\u00e9sz?<\/h2><p>28.6.2025 &#8211; 4.7.2025<\/p>\t\t\t\t\t\t\t\t<\/div>\n\t\t\t\t<\/div>\n\t\t\t\t<div class=\"elementor-element elementor-element-fac698a elementor-widget elementor-widget-text-editor\" data-id=\"fac698a\" data-element_type=\"widget\" data-widget_type=\"text-editor.default\">\n\t\t\t\t<div class=\"elementor-widget-container\">\n\t\t\t\t\t\t\t\t\t<h2 class=\"Text__StyledSpan-sc-umvsug-0 MNpgc\">Hogyan kell el\u0151k\u00e9sz\u00edteni a j\u00e1rm\u0171vet?<\/h2><p>A j\u00e1rm\u0171nek k\u00e9pesnek kell lennie arra, hogy a burkolatlan \u00faton val\u00f3 utaz\u00e1st is kib\u00edrja. A kreativit\u00e1s a szerkeszt\u00e9sben sz\u00edvesen l\u00e1tjuk, \u00e9s a legjobbakat jutalmazzuk.<\/p>\t\t\t\t\t\t\t\t<\/div>\n\t\t\t\t<\/div>\n\t\t\t\t<div class=\"elementor-element elementor-element-579512a elementor-widget elementor-widget-text-editor\" data-id=\"579512a\" data-element_type=\"widget\" data-widget_type=\"text-editor.default\">\n\t\t\t\t<div class=\"elementor-widget-container\">\n\t\t\t\t\t\t\t\t\t<h2 class=\"Text__StyledSpan-sc-umvsug-0 MNpgc\">Mi t\u00f6rt\u00e9nik, ha lerobban az aut\u00f3m?<\/h2><p>Azt\u00e1n kih\u00edv\u00e1st jelent, hogy jav\u00edtsd meg.<\/p>\t\t\t\t\t\t\t\t<\/div>\n\t\t\t\t<\/div>\n\t\t\t\t<div class=\"elementor-element elementor-element-bdc0a9e elementor-widget elementor-widget-text-editor\" data-id=\"bdc0a9e\" data-element_type=\"widget\" data-widget_type=\"text-editor.default\">\n\t\t\t\t<div class=\"elementor-widget-container\">\n\t\t\t\t\t\t\t\t\t<h2 class=\"Text__StyledSpan-sc-umvsug-0 MNpgc\">Mi van, ha 999 eur\u00f3n\u00e1l dr\u00e1g\u00e1bb aut\u00f3m van?<\/h2><p>Ne t\u00f6r\u0151dj vele! 2024-t\u0151l tov\u00e1bbi \u00e9rtes\u00edt\u00e9sig minden j\u00e1rm\u0171re bevezetj\u00fck az indul\u00f3 d\u00edjat. Sz\u00f3val azt csin\u00e1lsz, amit akarsz \ud83d\ude42<\/p>\t\t\t\t\t\t\t\t<\/div>\n\t\t\t\t<\/div>\n\t\t\t\t<div class=\"elementor-element elementor-element-0b00aa2 elementor-widget elementor-widget-text-editor\" data-id=\"0b00aa2\" data-element_type=\"widget\" data-widget_type=\"text-editor.default\">\n\t\t\t\t<div class=\"elementor-widget-container\">\n\t\t\t\t\t\t\t\t\t<h2 class=\"Text__StyledSpan-sc-umvsug-0 MNpgc\">Hol aludjak?<\/h2><p>T\u00f6bbnyire s\u00e1torban, aut\u00f3ban vagy mag\u00e1nh\u00e1zban, helyiekkel egy\u00fctt.<\/p>\t\t\t\t\t\t\t\t<\/div>\n\t\t\t\t<\/div>\n\t\t\t\t<div class=\"elementor-element elementor-element-34ea739 elementor-widget elementor-widget-text-editor\" data-id=\"34ea739\" data-element_type=\"widget\" data-widget_type=\"text-editor.default\">\n\t\t\t\t<div class=\"elementor-widget-container\">\n\t\t\t\t\t\t\t\t\t<h2 class=\"Text__StyledSpan-sc-umvsug-0 MNpgc\">Mi a helyzet?<\/h2><p>Amit magaddal viszel, vagy amit megveszel. Az \u00e9lelmiszert \u00e9s a bev\u00e1s\u00e1rl\u00e1st igaz\u00edtsa a tervezett \u00fatvonalhoz.<\/p>\t\t\t\t\t\t\t\t<\/div>\n\t\t\t\t<\/div>\n\t\t\t\t<div class=\"elementor-element elementor-element-980cd19 elementor-widget elementor-widget-text-editor\" data-id=\"980cd19\" data-element_type=\"widget\" data-widget_type=\"text-editor.default\">\n\t\t\t\t<div class=\"elementor-widget-container\">\n\t\t\t\t\t\t\t\t\t<h2 class=\"Text__StyledSpan-sc-umvsug-0 MNpgc\">Milyen j\u00e1rm\u0171vet szabad haszn\u00e1lni?<\/h2><p>T\u00f6kmindegy!<\/p>\t\t\t\t\t\t\t\t<\/div>\n\t\t\t\t<\/div>\n\t\t\t\t<div class=\"elementor-element elementor-element-def1f22 elementor-widget elementor-widget-text-editor\" data-id=\"def1f22\" data-element_type=\"widget\" data-widget_type=\"text-editor.default\">\n\t\t\t\t<div class=\"elementor-widget-container\">\n\t\t\t\t\t\t\t\t\t<h2 class=\"Text__StyledSpan-sc-umvsug-0 MNpgc\">Id\u0151ben megy?<\/h2><p>Nem. Az \u00fatvonalat a kih\u00edv\u00e1s hat\u00e1ridej\u00e9ig meghat\u00e1rozott \u00e9sszer\u0171 id\u0151n bel\u00fcl kell teljes\u00edteni.<\/p>\t\t\t\t\t\t\t\t<\/div>\n\t\t\t\t<\/div>\n\t\t\t\t<div class=\"elementor-element elementor-element-50ddb69 elementor-widget elementor-widget-text-editor\" data-id=\"50ddb69\" data-element_type=\"widget\" data-widget_type=\"text-editor.default\">\n\t\t\t\t<div class=\"elementor-widget-container\">\n\t\t\t\t\t\t\t\t\t<h2 class=\"Text__StyledSpan-sc-umvsug-0 MNpgc\">Mi t\u00f6rt\u00e9nik, ha a RustVENTURE csal\u00e1db\u00f3l valakinek lerobban az aut\u00f3ja?<\/h2><p>Meg\u00e1llok \u00e9s megpr\u00f3b\u00e1lok seg\u00edteni neki.<\/p>\t\t\t\t\t\t\t\t<\/div>\n\t\t\t\t<\/div>\n\t\t\t\t<div class=\"elementor-element elementor-element-fe70db2 elementor-widget elementor-widget-text-editor\" data-id=\"fe70db2\" data-element_type=\"widget\" data-widget_type=\"text-editor.default\">\n\t\t\t\t<div class=\"elementor-widget-container\">\n\t\t\t\t\t\t\t\t\t<h2 class=\"Text__StyledSpan-sc-umvsug-0 MNpgc\">Mennyit \u00e9r az aut\u00f3m?<\/h2><p>Becs\u00fclje meg az \u00e9rt\u00e9ket hozz\u00e1vet\u0151legesen. Nem fogunk rend\u0151ri fel\u00fcgyeletet gyakorolni, de a c\u00e9lban minden r\u00e9sztvev\u0151nek joga lesz odaj\u00f6nni hozz\u00e1d, \u00e9s felaj\u00e1nlani 1500 eur\u00f3t, hogy megveheted az aut\u00f3dat, ha haza\u00e9rsz. Ha ezt elutas\u00edtja, akkor az aut\u00f3ja a &#8222;Maybach&#8221; kateg\u00f3ri\u00e1ba tartozik. Ezut\u00e1n el kell adnia az aut\u00f3t, vagy megv\u00e9dheti mag\u00e1t az elad\u00e1st\u00f3l, ha magasabb indul\u00f3 d\u00edjat fizet a &#8222;Maybach&#8221; kateg\u00f3ri\u00e1ba. Ha m\u00e9g mindig szeretne konzult\u00e1lni vel\u00fcnk, k\u00e9rj\u00fck, l\u00e9pjen kapcsolatba Mari\u00f3val, aki sz\u00edvesen seg\u00edt \u00d6nnek: +421 903 410 951.<\/p>\t\t\t\t\t\t\t\t<\/div>\n\t\t\t\t<\/div>\n\t\t\t\t<\/div>\n\t\t<div class=\"elementor-element elementor-element-836108f e-con-full e-flex e-con e-child\" data-id=\"836108f\" data-element_type=\"container\">\n\t\t\t\t<div class=\"elementor-element elementor-element-67024e3 elementor-cta--skin-cover elementor-animated-content elementor-bg-transform elementor-bg-transform-zoom-in elementor-widget elementor-widget-call-to-action\" data-id=\"67024e3\" data-element_type=\"widget\" data-widget_type=\"call-to-action.default\">\n\t\t\t\t<div class=\"elementor-widget-container\">\n\t\t\t\t\t\t\t<div class=\"elementor-cta\">\n\t\t\t\t\t<div class=\"elementor-cta__bg-wrapper\">\n\t\t\t\t<div class=\"elementor-cta__bg elementor-bg\" style=\"background-image: url(https:\/\/rustventure.com\/wp-content\/uploads\/2025\/01\/IMG_8564_Fotogenic_2c980988f4-1024x731.webp);\" role=\"img\" aria-label=\"IMG_8564_Fotogenic_2c980988f4\"><\/div>\n\t\t\t\t<div class=\"elementor-cta__bg-overlay\"><\/div>\n\t\t\t<\/div>\n\t\t\t\t\t\t\t<div class=\"elementor-cta__content\">\n\t\t\t\t\n\t\t\t\t\t\t\t\t\t<h2 class=\"elementor-cta__title elementor-cta__content-item elementor-content-item elementor-animated-item--grow\">\n\t\t\t\t\t\tMeg akarom tapasztalni\t\t\t\t\t<\/h2>\n\t\t\t\t\n\t\t\t\t\t\t\t\t\t<div class=\"elementor-cta__description elementor-cta__content-item elementor-content-item elementor-animated-item--grow\">\n\t\t\t\t\t\tA RustVENTURE egy felejthetetlen kaland.\t\t\t\t\t<\/div>\n\t\t\t\t\n\t\t\t\t\t\t\t\t\t<div class=\"elementor-cta__button-wrapper elementor-cta__content-item elementor-content-item elementor-animated-item--grow\">\n\t\t\t\t\t<a class=\"elementor-cta__button elementor-button elementor-size-\" href=\"https:\/\/rustventure.com\/hu\/regisztracio\/\">\n\t\t\t\t\t\tRegisztr\u00e1ljon most\t\t\t\t\t<\/a>\n\t\t\t\t\t<\/div>\n\t\t\t\t\t\t\t<\/div>\n\t\t\t\t\t\t<\/div>\n\t\t\t\t\t\t<\/div>\n\t\t\t\t<\/div>\n\t\t\t\t<\/div>\n\t\t\t\t\t<\/div>\n\t\t\t\t<\/div>\n\t\t\t\t<\/div>\n\t\t","protected":false},"excerpt":{"rendered":"<p>Gyakran ism\u00e9telt k\u00e9rd\u00e9sek k\u00e9rd\u00e9sek Mi van, ha nem vagyok profi lovas? J\u00f3l csin\u00e1ltad, \u00edgy keres\u00fcnk t\u00e9ged! Mi sem. Hov\u00e1 m\u00e9sz? Kap egy Roadbookot az ellen\u0151rz\u0151 pontokkal, \u00e9s maga v\u00e1laszthatja ki az \u00fatvonalat. Magyarorsz\u00e1gon, Bosznia-Hercegovin\u00e1ban, Montenegr\u00f3ban \u00e9s Alb\u00e1ni\u00e1ban lesznek ellen\u0151rz\u0151pontok. Mikor m\u00e9sz? 28.6.2025 &#8211; 4.7.2025 Hogyan kell el\u0151k\u00e9sz\u00edteni a j\u00e1rm\u0171vet? A j\u00e1rm\u0171nek k\u00e9pesnek kell lennie arra, [&hellip;]<\/p>\n","protected":false},"author":1,"featured_media":0,"parent":0,"menu_order":0,"comment_status":"closed","ping_status":"closed","template":"","meta":{"site-sidebar-layout":"no-sidebar","site-content-layout":"page-builder","ast-site-content-layout":"full-width-container","site-content-style":"default","site-sidebar-style":"default","ast-global-header-display":"","ast-banner-title-visibility":"","ast-main-header-display":"","ast-hfb-above-header-display":"","ast-hfb-below-header-display":"","ast-hfb-mobile-header-display":"","site-post-title":"disabled","ast-breadcrumbs-content":"","ast-featured-img":"disabled","footer-sml-layout":"","theme-transparent-header-meta":"","adv-header-id-meta":"","stick-header-meta":"","header-above-stick-meta":"","header-main-stick-meta":"","header-below-stick-meta":"","astra-migrate-meta-layouts":"default","ast-page-background-enabled":"default","ast-page-background-meta":{"desktop":{"background-color":"","background-image":"","background-repeat":"repeat","background-position":"center center","background-size":"auto","background-attachment":"scroll","background-type":"","background-media":"","overlay-type":"","overlay-color":"","overlay-opacity":"","overlay-gradient":""},"tablet":{"background-color":"","background-image":"","background-repeat":"repeat","background-position":"center center","background-size":"auto","background-attachment":"scroll","background-type":"","background-media":"","overlay-type":"","overlay-color":"","overlay-opacity":"","overlay-gradient":""},"mobile":{"background-color":"","background-image":"","background-repeat":"repeat","background-position":"center center","background-size":"auto","background-attachment":"scroll","background-type":"","background-media":"","overlay-type":"","overlay-color":"","overlay-opacity":"","overlay-gradient":""}},"ast-content-background-meta":{"desktop":{"background-color":"var(--ast-global-color-5)","background-image":"","background-repeat":"repeat","background-position":"center center","background-size":"auto","background-attachment":"scroll","background-type":"","background-media":"","overlay-type":"","overlay-color":"","overlay-opacity":"","overlay-gradient":""},"tablet":{"background-color":"var(--ast-global-color-5)","background-image":"","background-repeat":"repeat","background-position":"center center","background-size":"auto","background-attachment":"scroll","background-type":"","background-media":"","overlay-type":"","overlay-color":"","overlay-opacity":"","overlay-gradient":""},"mobile":{"background-color":"var(--ast-global-color-5)","background-image":"","background-repeat":"repeat","background-position":"center center","background-size":"auto","background-attachment":"scroll","background-type":"","background-media":"","overlay-type":"","overlay-color":"","overlay-opacity":"","overlay-gradient":""}},"footnotes":""},"class_list":["post-3272","page","type-page","status-publish","hentry"],"yoast_head":"<!-- This site is optimized with the Yoast SEO plugin v24.5 - https:\/\/yoast.com\/wordpress\/plugins\/seo\/ -->\n<title>Gyakran ism\u00e9telt k\u00e9rd\u00e9sek - RustVENTURE<\/title>\n<meta name=\"robots\" content=\"index, follow, max-snippet:-1, max-image-preview:large, max-video-preview:-1\" \/>\n<link rel=\"canonical\" href=\"https:\/\/rustventure.com\/hu\/gyakran-ismetelt-kerdesek\/\" \/>\n<meta property=\"og:locale\" content=\"hu_HU\" \/>\n<meta property=\"og:type\" content=\"article\" \/>\n<meta property=\"og:title\" content=\"Gyakran ism\u00e9telt k\u00e9rd\u00e9sek - RustVENTURE\" \/>\n<meta property=\"og:description\" content=\"Gyakran ism\u00e9telt k\u00e9rd\u00e9sek k\u00e9rd\u00e9sek Mi van, ha nem vagyok profi lovas? J\u00f3l csin\u00e1ltad, \u00edgy keres\u00fcnk t\u00e9ged! Mi sem. Hov\u00e1 m\u00e9sz? Kap egy Roadbookot az ellen\u0151rz\u0151 pontokkal, \u00e9s maga v\u00e1laszthatja ki az \u00fatvonalat. Magyarorsz\u00e1gon, Bosznia-Hercegovin\u00e1ban, Montenegr\u00f3ban \u00e9s Alb\u00e1ni\u00e1ban lesznek ellen\u0151rz\u0151pontok. Mikor m\u00e9sz? 28.6.2025 &#8211; 4.7.2025 Hogyan kell el\u0151k\u00e9sz\u00edteni a j\u00e1rm\u0171vet? A j\u00e1rm\u0171nek k\u00e9pesnek kell lennie arra, [&hellip;]\" \/>\n<meta property=\"og:url\" content=\"https:\/\/rustventure.com\/hu\/gyakran-ismetelt-kerdesek\/\" \/>\n<meta property=\"og:site_name\" content=\"RustVENTURE\" \/>\n<meta property=\"article:publisher\" content=\"https:\/\/www.facebook.com\/rustventure\" \/>\n<meta property=\"article:modified_time\" content=\"2025-02-24T11:40:16+00:00\" \/>\n<meta property=\"og:image\" content=\"https:\/\/rustventure.com\/wp-content\/uploads\/2025\/01\/Home_BG.jpg\" \/>\n\t<meta property=\"og:image:width\" content=\"2048\" \/>\n\t<meta property=\"og:image:height\" content=\"1352\" \/>\n\t<meta property=\"og:image:type\" content=\"image\/jpeg\" \/>\n<meta name=\"twitter:card\" content=\"summary_large_image\" \/>\n<meta name=\"twitter:label1\" content=\"Becs\u00fclt olvas\u00e1si id\u0151\" \/>\n\t<meta name=\"twitter:data1\" content=\"2 perc\" \/>\n<script type=\"application\/ld+json\" class=\"yoast-schema-graph\">{\"@context\":\"https:\/\/schema.org\",\"@graph\":[{\"@type\":\"WebPage\",\"@id\":\"https:\/\/rustventure.com\/hu\/gyakran-ismetelt-kerdesek\/\",\"url\":\"https:\/\/rustventure.com\/hu\/gyakran-ismetelt-kerdesek\/\",\"name\":\"Gyakran ism\u00e9telt k\u00e9rd\u00e9sek - RustVENTURE\",\"isPartOf\":{\"@id\":\"https:\/\/rustventure.com\/hu\/#website\"},\"datePublished\":\"2025-01-26T11:21:20+00:00\",\"dateModified\":\"2025-02-24T11:40:16+00:00\",\"breadcrumb\":{\"@id\":\"https:\/\/rustventure.com\/hu\/gyakran-ismetelt-kerdesek\/#breadcrumb\"},\"inLanguage\":\"hu\",\"potentialAction\":[{\"@type\":\"ReadAction\",\"target\":[\"https:\/\/rustventure.com\/hu\/gyakran-ismetelt-kerdesek\/\"]}]},{\"@type\":\"BreadcrumbList\",\"@id\":\"https:\/\/rustventure.com\/hu\/gyakran-ismetelt-kerdesek\/#breadcrumb\",\"itemListElement\":[{\"@type\":\"ListItem\",\"position\":1,\"name\":\"Home\",\"item\":\"https:\/\/rustventure.com\/hu\/\"},{\"@type\":\"ListItem\",\"position\":2,\"name\":\"Gyakran ism\u00e9telt k\u00e9rd\u00e9sek\"}]},{\"@type\":\"WebSite\",\"@id\":\"https:\/\/rustventure.com\/hu\/#website\",\"url\":\"https:\/\/rustventure.com\/hu\/\",\"name\":\"RustVENTURE\",\"description\":\"Nezabudnute\u013en\u00e9 dobrodru\u017estvo\",\"publisher\":{\"@id\":\"https:\/\/rustventure.com\/hu\/#organization\"},\"potentialAction\":[{\"@type\":\"SearchAction\",\"target\":{\"@type\":\"EntryPoint\",\"urlTemplate\":\"https:\/\/rustventure.com\/hu\/?s={search_term_string}\"},\"query-input\":{\"@type\":\"PropertyValueSpecification\",\"valueRequired\":true,\"valueName\":\"search_term_string\"}}],\"inLanguage\":\"hu\"},{\"@type\":\"Organization\",\"@id\":\"https:\/\/rustventure.com\/hu\/#organization\",\"name\":\"RustVENTURE\",\"url\":\"https:\/\/rustventure.com\/hu\/\",\"logo\":{\"@type\":\"ImageObject\",\"inLanguage\":\"hu\",\"@id\":\"https:\/\/rustventure.com\/hu\/#\/schema\/logo\/image\/\",\"url\":\"https:\/\/rustventure.com\/wp-content\/uploads\/2025\/01\/cropped-logo.png\",\"contentUrl\":\"https:\/\/rustventure.com\/wp-content\/uploads\/2025\/01\/cropped-logo.png\",\"width\":512,\"height\":512,\"caption\":\"RustVENTURE\"},\"image\":{\"@id\":\"https:\/\/rustventure.com\/hu\/#\/schema\/logo\/image\/\"},\"sameAs\":[\"https:\/\/www.facebook.com\/rustventure\",\"https:\/\/www.instagram.com\/rust_venture\/\"]}]}<\/script>\n<!-- \/ Yoast SEO plugin. -->","yoast_head_json":{"title":"Gyakran ism\u00e9telt k\u00e9rd\u00e9sek - RustVENTURE","robots":{"index":"index","follow":"follow","max-snippet":"max-snippet:-1","max-image-preview":"max-image-preview:large","max-video-preview":"max-video-preview:-1"},"canonical":"https:\/\/rustventure.com\/hu\/gyakran-ismetelt-kerdesek\/","og_locale":"hu_HU","og_type":"article","og_title":"Gyakran ism\u00e9telt k\u00e9rd\u00e9sek - RustVENTURE","og_description":"Gyakran ism\u00e9telt k\u00e9rd\u00e9sek k\u00e9rd\u00e9sek Mi van, ha nem vagyok profi lovas? J\u00f3l csin\u00e1ltad, \u00edgy keres\u00fcnk t\u00e9ged! Mi sem. Hov\u00e1 m\u00e9sz? Kap egy Roadbookot az ellen\u0151rz\u0151 pontokkal, \u00e9s maga v\u00e1laszthatja ki az \u00fatvonalat. Magyarorsz\u00e1gon, Bosznia-Hercegovin\u00e1ban, Montenegr\u00f3ban \u00e9s Alb\u00e1ni\u00e1ban lesznek ellen\u0151rz\u0151pontok. Mikor m\u00e9sz? 28.6.2025 &#8211; 4.7.2025 Hogyan kell el\u0151k\u00e9sz\u00edteni a j\u00e1rm\u0171vet? A j\u00e1rm\u0171nek k\u00e9pesnek kell lennie arra, [&hellip;]","og_url":"https:\/\/rustventure.com\/hu\/gyakran-ismetelt-kerdesek\/","og_site_name":"RustVENTURE","article_publisher":"https:\/\/www.facebook.com\/rustventure","article_modified_time":"2025-02-24T11:40:16+00:00","og_image":[{"width":2048,"height":1352,"url":"https:\/\/rustventure.com\/wp-content\/uploads\/2025\/01\/Home_BG.jpg","type":"image\/jpeg"}],"twitter_card":"summary_large_image","twitter_misc":{"Becs\u00fclt olvas\u00e1si id\u0151":"2 perc"},"schema":{"@context":"https:\/\/schema.org","@graph":[{"@type":"WebPage","@id":"https:\/\/rustventure.com\/hu\/gyakran-ismetelt-kerdesek\/","url":"https:\/\/rustventure.com\/hu\/gyakran-ismetelt-kerdesek\/","name":"Gyakran ism\u00e9telt k\u00e9rd\u00e9sek - RustVENTURE","isPartOf":{"@id":"https:\/\/rustventure.com\/hu\/#website"},"datePublished":"2025-01-26T11:21:20+00:00","dateModified":"2025-02-24T11:40:16+00:00","breadcrumb":{"@id":"https:\/\/rustventure.com\/hu\/gyakran-ismetelt-kerdesek\/#breadcrumb"},"inLanguage":"hu","potentialAction":[{"@type":"ReadAction","target":["https:\/\/rustventure.com\/hu\/gyakran-ismetelt-kerdesek\/"]}]},{"@type":"BreadcrumbList","@id":"https:\/\/rustventure.com\/hu\/gyakran-ismetelt-kerdesek\/#breadcrumb","itemListElement":[{"@type":"ListItem","position":1,"name":"Home","item":"https:\/\/rustventure.com\/hu\/"},{"@type":"ListItem","position":2,"name":"Gyakran ism\u00e9telt k\u00e9rd\u00e9sek"}]},{"@type":"WebSite","@id":"https:\/\/rustventure.com\/hu\/#website","url":"https:\/\/rustventure.com\/hu\/","name":"RustVENTURE","description":"Nezabudnute\u013en\u00e9 dobrodru\u017estvo","publisher":{"@id":"https:\/\/rustventure.com\/hu\/#organization"},"potentialAction":[{"@type":"SearchAction","target":{"@type":"EntryPoint","urlTemplate":"https:\/\/rustventure.com\/hu\/?s={search_term_string}"},"query-input":{"@type":"PropertyValueSpecification","valueRequired":true,"valueName":"search_term_string"}}],"inLanguage":"hu"},{"@type":"Organization","@id":"https:\/\/rustventure.com\/hu\/#organization","name":"RustVENTURE","url":"https:\/\/rustventure.com\/hu\/","logo":{"@type":"ImageObject","inLanguage":"hu","@id":"https:\/\/rustventure.com\/hu\/#\/schema\/logo\/image\/","url":"https:\/\/rustventure.com\/wp-content\/uploads\/2025\/01\/cropped-logo.png","contentUrl":"https:\/\/rustventure.com\/wp-content\/uploads\/2025\/01\/cropped-logo.png","width":512,"height":512,"caption":"RustVENTURE"},"image":{"@id":"https:\/\/rustventure.com\/hu\/#\/schema\/logo\/image\/"},"sameAs":["https:\/\/www.facebook.com\/rustventure","https:\/\/www.instagram.com\/rust_venture\/"]}]}},"_links":{"self":[{"href":"https:\/\/rustventure.com\/hu\/wp-json\/wp\/v2\/pages\/3272","targetHints":{"allow":["GET"]}}],"collection":[{"href":"https:\/\/rustventure.com\/hu\/wp-json\/wp\/v2\/pages"}],"about":[{"href":"https:\/\/rustventure.com\/hu\/wp-json\/wp\/v2\/types\/page"}],"author":[{"embeddable":true,"href":"https:\/\/rustventure.com\/hu\/wp-json\/wp\/v2\/users\/1"}],"replies":[{"embeddable":true,"href":"https:\/\/rustventure.com\/hu\/wp-json\/wp\/v2\/comments?post=3272"}],"version-history":[{"count":1,"href":"https:\/\/rustventure.com\/hu\/wp-json\/wp\/v2\/pages\/3272\/revisions"}],"predecessor-version":[{"id":3273,"href":"https:\/\/rustventure.com\/hu\/wp-json\/wp\/v2\/pages\/3272\/revisions\/3273"}],"wp:attachment":[{"href":"https:\/\/rustventure.com\/hu\/wp-json\/wp\/v2\/media?parent=3272"}],"curies":[{"name":"wp","href":"https:\/\/api.w.org\/{rel}","templated":true}]}}