{"id":3267,"date":"2025-01-26T12:20:43","date_gmt":"2025-01-26T11:20:43","guid":{"rendered":"https:\/\/rustventure.com\/how-does-rustventure-work\/"},"modified":"2025-02-24T12:38:41","modified_gmt":"2025-02-24T11:38:41","slug":"how-does-rustventure-work","status":"publish","type":"page","link":"https:\/\/rustventure.com\/en\/how-does-rustventure-work\/","title":{"rendered":"How does RustVENTURE work?"},"content":{"rendered":"\t\t<div data-elementor-type=\"wp-page\" data-elementor-id=\"3267\" class=\"elementor elementor-3267 elementor-1143\" data-elementor-post-type=\"page\">\n\t\t\t\t<div class=\"elementor-element elementor-element-2f3f768 e-flex e-con-boxed e-con e-parent\" data-id=\"2f3f768\" data-element_type=\"container\" data-settings=\"{&quot;background_background&quot;:&quot;classic&quot;}\">\n\t\t\t\t\t<div class=\"e-con-inner\">\n\t\t\t\t\t<\/div>\n\t\t\t\t<\/div>\n\t\t<div class=\"elementor-element elementor-element-590174e e-flex e-con-boxed e-con e-parent\" data-id=\"590174e\" data-element_type=\"container\">\n\t\t\t\t\t<div class=\"e-con-inner\">\n\t\t\t\t<div class=\"elementor-element elementor-element-b6e7195 elementor-headline--style-highlight elementor-widget elementor-widget-animated-headline\" data-id=\"b6e7195\" data-element_type=\"widget\" data-settings=\"{&quot;highlighted_text&quot;:&quot;works&quot;,&quot;headline_style&quot;:&quot;highlight&quot;,&quot;marker&quot;:&quot;circle&quot;,&quot;loop&quot;:&quot;yes&quot;,&quot;highlight_animation_duration&quot;:1200,&quot;highlight_iteration_delay&quot;:8000}\" data-widget_type=\"animated-headline.default\">\n\t\t\t\t<div class=\"elementor-widget-container\">\n\t\t\t\t\t\t\t<h3 class=\"elementor-headline\">\n\t\t\t\t\t<span class=\"elementor-headline-plain-text elementor-headline-text-wrapper\">How it  <\/span>\n\t\t\t\t<span class=\"elementor-headline-dynamic-wrapper elementor-headline-text-wrapper\">\n\t\t\t\t\t<span class=\"elementor-headline-dynamic-text elementor-headline-text-active\">works<\/span>\n\t\t\t\t<\/span>\n\t\t\t\t\t<span class=\"elementor-headline-plain-text elementor-headline-text-wrapper\">?<\/span>\n\t\t\t\t\t<\/h3>\n\t\t\t\t\t\t<\/div>\n\t\t\t\t<\/div>\n\t\t\t\t\t<\/div>\n\t\t\t\t<\/div>\n\t\t<div class=\"elementor-element elementor-element-2bb5c2e e-flex e-con-boxed e-con e-parent\" data-id=\"2bb5c2e\" data-element_type=\"container\" data-settings=\"{&quot;background_background&quot;:&quot;classic&quot;}\">\n\t\t\t\t\t<div class=\"e-con-inner\">\n\t\t\t\t<div class=\"elementor-element elementor-element-d7152c3 elementor-widget elementor-widget-timeline-widget-addon\" data-id=\"d7152c3\" data-element_type=\"widget\" data-widget_type=\"timeline-widget-addon.default\">\n\t\t\t\t<div class=\"elementor-widget-container\">\n\t\t\t\t\t<!-- ========= Timeline Widget Addon For Elementor 1.6.6 ========= -->\n<div id=\"twae-wrapper-d7152c3\" class=\"twae-vertical twae-wrapper  twae-vertical-right\">   \n    <div class=\"twae-start\"><\/div>    \n    <div id=\"twea-timeline-d7152c3\" class=\"twae-timeline\" ><!-- Start of Story Repeater Content --><div id=\"story-86994d6\" class=\"twae-story twae-repeater-item twae-story-right twae-story-no-icon\"><!-- Story Label --><div class=\"twae-labels\"><div class=\"twae-label-big\">01.<\/div><\/div><!-- Story Icon --><div class=\"twae-icon\"><svg aria-hidden=\"true\" class=\"e-font-icon-svg e-far-registered\" viewBox=\"0 0 512 512\" xmlns=\"http:\/\/www.w3.org\/2000\/svg\"><path d=\"M256 8C119.033 8 8 119.033 8 256s111.033 248 248 248 248-111.033 248-248S392.967 8 256 8zm0 448c-110.532 0-200-89.451-200-200 0-110.531 89.451-200 200-200 110.532 0 200 89.451 200 200 0 110.532-89.451 200-200 200zm110.442-81.791c-53.046-96.284-50.25-91.468-53.271-96.085 24.267-13.879 39.482-41.563 39.482-73.176 0-52.503-30.247-85.252-101.498-85.252h-78.667c-6.617 0-12 5.383-12 12V380c0 6.617 5.383 12 12 12h38.568c6.617 0 12-5.383 12-12v-83.663h31.958l47.515 89.303a11.98 11.98 0 0 0 10.593 6.36h42.81c9.14 0 14.914-9.799 10.51-17.791zM256.933 239.906h-33.875v-64.14h27.377c32.417 0 38.929 12.133 38.929 31.709-.001 20.913-11.518 32.431-32.431 32.431z\"><\/path><\/svg><\/div><!-- Story Arrow --><div class=\"twae-arrow\"><\/div><!-- Start of Story Content --><div class=\"twae-content\"><!-- Story Title --><div class=\"twae-title\">CHOOSE YOUR CHALLENGE<\/div><!-- Story Description --><div class=\"twae-description\"><p>and register on time.<\/p>\n<p>By successfully registering you become a member of the RustVENTURE family. We've prepared a summer adventure for 2025. We will enjoy off-road, gravel and forest roads leading through mountains, streams along waterfalls to the sea. In winter we enjoy the snow. So we are going to have a lot of experiences and beautiful places where ordinary tourists can't get to.<\/p>\n<\/div><\/div><\/div><!-- Start of Story Repeater Content --><div id=\"story-0e35beb\" class=\"twae-story twae-repeater-item twae-story-right twae-story-no-icon\"><!-- Story Label --><div class=\"twae-labels\"><div class=\"twae-label-big\">02.<\/div><\/div><!-- Story Icon --><div class=\"twae-icon\"><svg aria-hidden=\"true\" class=\"e-font-icon-svg e-fas-money-bill-wave-alt\" viewBox=\"0 0 640 512\" xmlns=\"http:\/\/www.w3.org\/2000\/svg\"><path d=\"M621.16 54.46C582.37 38.19 543.55 32 504.75 32c-123.17-.01-246.33 62.34-369.5 62.34-30.89 0-61.76-3.92-92.65-13.72-3.47-1.1-6.95-1.62-10.35-1.62C15.04 79 0 92.32 0 110.81v317.26c0 12.63 7.23 24.6 18.84 29.46C57.63 473.81 96.45 480 135.25 480c123.17 0 246.34-62.35 369.51-62.35 30.89 0 61.76 3.92 92.65 13.72 3.47 1.1 6.95 1.62 10.35 1.62 17.21 0 32.25-13.32 32.25-31.81V83.93c-.01-12.64-7.24-24.6-18.85-29.47zM320 352c-44.19 0-80-42.99-80-96 0-53.02 35.82-96 80-96s80 42.98 80 96c0 53.03-35.83 96-80 96z\"><\/path><\/svg><\/div><!-- Story Arrow --><div class=\"twae-arrow\"><\/div><!-- Start of Story Content --><div class=\"twae-content\"><!-- Story Title --><div class=\"twae-title\">PAY THE ENTRY FEE<\/div><!-- Story Description --><div class=\"twae-description\"><p>and check your travel documents (ID or passport).<\/p>\n<p>After registration, you will see different types of entry fees. The entry fee is always per vehicle and does not depend on the number of people in the car. Once the entry fee is collected, payment is made by bank transfer.<\/p>\n<\/div><\/div><\/div><!-- Start of Story Repeater Content --><div id=\"story-876ef41\" class=\"twae-story twae-repeater-item twae-story-right twae-story-no-icon\"><!-- Story Label --><div class=\"twae-labels\"><div class=\"twae-label-big\">03.<\/div><\/div><!-- Story Icon --><div class=\"twae-icon\"><svg aria-hidden=\"true\" class=\"e-font-icon-svg e-fas-map-marked-alt\" viewBox=\"0 0 576 512\" xmlns=\"http:\/\/www.w3.org\/2000\/svg\"><path d=\"M288 0c-69.59 0-126 56.41-126 126 0 56.26 82.35 158.8 113.9 196.02 6.39 7.54 17.82 7.54 24.2 0C331.65 284.8 414 182.26 414 126 414 56.41 357.59 0 288 0zm0 168c-23.2 0-42-18.8-42-42s18.8-42 42-42 42 18.8 42 42-18.8 42-42 42zM20.12 215.95A32.006 32.006 0 0 0 0 245.66v250.32c0 11.32 11.43 19.06 21.94 14.86L160 448V214.92c-8.84-15.98-16.07-31.54-21.25-46.42L20.12 215.95zM288 359.67c-14.07 0-27.38-6.18-36.51-16.96-19.66-23.2-40.57-49.62-59.49-76.72v182l192 64V266c-18.92 27.09-39.82 53.52-59.49 76.72-9.13 10.77-22.44 16.95-36.51 16.95zm266.06-198.51L416 224v288l139.88-55.95A31.996 31.996 0 0 0 576 426.34V176.02c0-11.32-11.43-19.06-21.94-14.86z\"><\/path><\/svg><\/div><!-- Story Arrow --><div class=\"twae-arrow\"><\/div><!-- Start of Story Content --><div class=\"twae-content\"><!-- Story Title --><div class=\"twae-title\">STUDY THE ROUTE<\/div><!-- Story Description --><div class=\"twae-description\"><p>the challenge is not a race. The goal is to successfully pass at least 2\/3 of the scheduled check points.<\/p>\n<p>Approximately 3 weeks before your trip, you will receive a Roadbook Challenge from us with a list of planned check points. You choose your own path. You definitely won't get bored, because the checkpoints are planned in the spirit - where the journey ends, RustVENTURE begins.<\/p>\n<\/div><\/div><\/div><!-- Start of Story Repeater Content --><div id=\"story-c00059c\" class=\"twae-story twae-repeater-item twae-story-right twae-story-no-icon\"><!-- Story Label --><div class=\"twae-labels\"><div class=\"twae-label-big\">04.<\/div><\/div><!-- Story Icon --><div class=\"twae-icon\"><svg aria-hidden=\"true\" class=\"e-font-icon-svg e-fas-wrench\" viewBox=\"0 0 512 512\" xmlns=\"http:\/\/www.w3.org\/2000\/svg\"><path d=\"M507.73 109.1c-2.24-9.03-13.54-12.09-20.12-5.51l-74.36 74.36-67.88-11.31-11.31-67.88 74.36-74.36c6.62-6.62 3.43-17.9-5.66-20.16-47.38-11.74-99.55.91-136.58 37.93-39.64 39.64-50.55 97.1-34.05 147.2L18.74 402.76c-24.99 24.99-24.99 65.51 0 90.5 24.99 24.99 65.51 24.99 90.5 0l213.21-213.21c50.12 16.71 107.47 5.68 147.37-34.22 37.07-37.07 49.7-89.32 37.91-136.73zM64 472c-13.25 0-24-10.75-24-24 0-13.26 10.75-24 24-24s24 10.74 24 24c0 13.25-10.75 24-24 24z\"><\/path><\/svg><\/div><!-- Story Arrow --><div class=\"twae-arrow\"><\/div><!-- Start of Story Content --><div class=\"twae-content\"><!-- Story Title --><div class=\"twae-title\">PREPARE YOUR VEHICLE<\/div><!-- Story Description --><div class=\"twae-description\"><p>and make him really mad. The car with the craziest finish wins a special prize at the finish.<\/p>\n<p>The soul of old cars will never die. Bring life back to the body and engine so that the body can serve it faithfully on the craziest of roads.<\/p>\n<\/div><\/div><\/div><!-- Start of Story Repeater Content --><div id=\"story-1c9817b\" class=\"twae-story twae-repeater-item twae-story-right twae-story-no-icon\"><!-- Story Label --><div class=\"twae-labels\"><div class=\"twae-label-big\">05.<\/div><\/div><!-- Story Icon --><div class=\"twae-icon\"><svg aria-hidden=\"true\" class=\"e-font-icon-svg e-fas-hourglass-start\" viewBox=\"0 0 384 512\" xmlns=\"http:\/\/www.w3.org\/2000\/svg\"><path d=\"M360 0H24C10.745 0 0 10.745 0 24v16c0 13.255 10.745 24 24 24 0 90.965 51.016 167.734 120.842 192C75.016 280.266 24 357.035 24 448c-13.255 0-24 10.745-24 24v16c0 13.255 10.745 24 24 24h336c13.255 0 24-10.745 24-24v-16c0-13.255-10.745-24-24-24 0-90.965-51.016-167.734-120.842-192C308.984 231.734 360 154.965 360 64c13.255 0 24-10.745 24-24V24c0-13.255-10.745-24-24-24zm-64 448H88c0-77.458 46.204-144 104-144 57.786 0 104 66.517 104 144z\"><\/path><\/svg><\/div><!-- Story Arrow --><div class=\"twae-arrow\"><\/div><!-- Start of Story Content --><div class=\"twae-content\"><!-- Story Title --><div class=\"twae-title\">START WITH US<\/div><!-- Story Description --><div class=\"twae-description\"><p>the start is always on Saturday at 10:00. We will communicate the start location of the challenge in due course, including route information in the Roadbook.<\/p>\n<p>We are planning the start location so that you can arrive as early as Friday evening, where you can toast us to a happy journey.<\/p>\n<\/div><\/div><\/div><!-- Start of Story Repeater Content --><div id=\"story-1690644\" class=\"twae-story twae-repeater-item twae-story-right twae-story-no-icon\"><!-- Story Label --><div class=\"twae-labels\"><div class=\"twae-label-big\">06.<\/div><\/div><!-- Story Icon --><div class=\"twae-icon\"><svg aria-hidden=\"true\" class=\"e-font-icon-svg e-far-check-circle\" viewBox=\"0 0 512 512\" xmlns=\"http:\/\/www.w3.org\/2000\/svg\"><path d=\"M256 8C119.033 8 8 119.033 8 256s111.033 248 248 248 248-111.033 248-248S392.967 8 256 8zm0 48c110.532 0 200 89.451 200 200 0 110.532-89.451 200-200 200-110.532 0-200-89.451-200-200 0-110.532 89.451-200 200-200m140.204 130.267l-22.536-22.718c-4.667-4.705-12.265-4.736-16.97-.068L215.346 303.697l-59.792-60.277c-4.667-4.705-12.265-4.736-16.97-.069l-22.719 22.536c-4.705 4.667-4.736 12.265-.068 16.971l90.781 91.516c4.667 4.705 12.265 4.736 16.97.068l172.589-171.204c4.704-4.668 4.734-12.266.067-16.971z\"><\/path><\/svg><\/div><!-- Story Arrow --><div class=\"twae-arrow\"><\/div><!-- Start of Story Content --><div class=\"twae-content\"><!-- Story Title --><div class=\"twae-title\">BEAT THE CHECKPOINTS<\/div><!-- Story Description --><div class=\"twae-description\"><p>take pictures, enjoy and help!<\/p>\n<p>You don't have to worry about anything going wrong. You're not alone, and the RustVenture family will work together to solve most problems. However, we don't think only of ourselves and that's why we donate 1 cent for every kilometer ridden on RustVENTURE to an orphanage.<\/p>\n<\/div><\/div><\/div><!-- Start of Story Repeater Content --><div id=\"story-bef0f80\" class=\"twae-story twae-repeater-item twae-story-right twae-story-no-icon\"><!-- Story Label --><div class=\"twae-labels\"><div class=\"twae-label-big\">07.<\/div><\/div><!-- Story Icon --><div class=\"twae-icon\"><svg aria-hidden=\"true\" class=\"e-font-icon-svg e-fas-trophy\" viewBox=\"0 0 576 512\" xmlns=\"http:\/\/www.w3.org\/2000\/svg\"><path d=\"M552 64H448V24c0-13.3-10.7-24-24-24H152c-13.3 0-24 10.7-24 24v40H24C10.7 64 0 74.7 0 88v56c0 35.7 22.5 72.4 61.9 100.7 31.5 22.7 69.8 37.1 110 41.7C203.3 338.5 240 360 240 360v72h-48c-35.3 0-64 20.7-64 56v12c0 6.6 5.4 12 12 12h296c6.6 0 12-5.4 12-12v-12c0-35.3-28.7-56-64-56h-48v-72s36.7-21.5 68.1-73.6c40.3-4.6 78.6-19 110-41.7 39.3-28.3 61.9-65 61.9-100.7V88c0-13.3-10.7-24-24-24zM99.3 192.8C74.9 175.2 64 155.6 64 144v-16h64.2c1 32.6 5.8 61.2 12.8 86.2-15.1-5.2-29.2-12.4-41.7-21.4zM512 144c0 16.1-17.7 36.1-35.3 48.8-12.5 9-26.7 16.2-41.8 21.4 7-25 11.8-53.6 12.8-86.2H512v16z\"><\/path><\/svg><\/div><!-- Story Arrow --><div class=\"twae-arrow\"><\/div><!-- Start of Story Content --><div class=\"twae-content\"><!-- Story Title --><div class=\"twae-title\">GET THE FINISHER AWARD<\/div><!-- Story Description --><div class=\"twae-description\"><p>or other awards for the craziest car modification, the most unsuitable car for the road, the car with the most miles on the road, the biggest loser of the road, and the greatest performance by a mechanic on the road.<\/p>\n<p>Honor FINISHER will be awarded to each participant who successfully completes and takes a photo at least 2\/3 of the check points. At the finish line, we will celebrate our trip together, full of euphoria and joy from the experiences and pitfalls that we have managed to overcome together. In addition, we will toast together, share experiences and present awards to the participants.<\/p>\n<\/div><\/div><\/div><\/div>\n    <div class=\"twae-end\"><\/div>\n    <\/div><style type=\"text\/css\">@media (max-width: 1024px){ .twae-wrapper{--tw-ybx-size: 80px !important;}}@media (max-width: 767px){ .twae-wrapper{--tw-ybx-size: 80px !important}}<\/style>\t\t\t\t<\/div>\n\t\t\t\t<\/div>\n\t\t\t\t\t<\/div>\n\t\t\t\t<\/div>\n\t\t\t\t<\/div>\n\t\t","protected":false},"excerpt":{"rendered":"<p>How it works ? 01.CHOOSE YOUR CHALLENGE and register on time. By successfully registering you become a member of the RustVENTURE family. We&#8217;ve prepared a summer adventure for 2025. We will enjoy off-road, gravel and forest roads leading through mountains, streams along waterfalls to the sea. In winter we enjoy the snow. So we are [&hellip;]<\/p>\n","protected":false},"author":1,"featured_media":0,"parent":0,"menu_order":0,"comment_status":"closed","ping_status":"closed","template":"","meta":{"site-sidebar-layout":"no-sidebar","site-content-layout":"page-builder","ast-site-content-layout":"full-width-container","site-content-style":"default","site-sidebar-style":"default","ast-global-header-display":"","ast-banner-title-visibility":"","ast-main-header-display":"","ast-hfb-above-header-display":"","ast-hfb-below-header-display":"","ast-hfb-mobile-header-display":"","site-post-title":"disabled","ast-breadcrumbs-content":"","ast-featured-img":"disabled","footer-sml-layout":"","theme-transparent-header-meta":"","adv-header-id-meta":"","stick-header-meta":"","header-above-stick-meta":"","header-main-stick-meta":"","header-below-stick-meta":"","astra-migrate-meta-layouts":"default","ast-page-background-enabled":"default","ast-page-background-meta":{"desktop":{"background-color":"","background-image":"","background-repeat":"repeat","background-position":"center center","background-size":"auto","background-attachment":"scroll","background-type":"","background-media":"","overlay-type":"","overlay-color":"","overlay-opacity":"","overlay-gradient":""},"tablet":{"background-color":"","background-image":"","background-repeat":"repeat","background-position":"center center","background-size":"auto","background-attachment":"scroll","background-type":"","background-media":"","overlay-type":"","overlay-color":"","overlay-opacity":"","overlay-gradient":""},"mobile":{"background-color":"","background-image":"","background-repeat":"repeat","background-position":"center center","background-size":"auto","background-attachment":"scroll","background-type":"","background-media":"","overlay-type":"","overlay-color":"","overlay-opacity":"","overlay-gradient":""}},"ast-content-background-meta":{"desktop":{"background-color":"var(--ast-global-color-5)","background-image":"","background-repeat":"repeat","background-position":"center center","background-size":"auto","background-attachment":"scroll","background-type":"","background-media":"","overlay-type":"","overlay-color":"","overlay-opacity":"","overlay-gradient":""},"tablet":{"background-color":"var(--ast-global-color-5)","background-image":"","background-repeat":"repeat","background-position":"center center","background-size":"auto","background-attachment":"scroll","background-type":"","background-media":"","overlay-type":"","overlay-color":"","overlay-opacity":"","overlay-gradient":""},"mobile":{"background-color":"var(--ast-global-color-5)","background-image":"","background-repeat":"repeat","background-position":"center center","background-size":"auto","background-attachment":"scroll","background-type":"","background-media":"","overlay-type":"","overlay-color":"","overlay-opacity":"","overlay-gradient":""}},"footnotes":""},"class_list":["post-3267","page","type-page","status-publish","hentry"],"yoast_head":"<!-- This site is optimized with the Yoast SEO plugin v24.5 - https:\/\/yoast.com\/wordpress\/plugins\/seo\/ -->\n<title>How does RustVENTURE work? - RustVENTURE<\/title>\n<meta name=\"robots\" content=\"index, follow, max-snippet:-1, max-image-preview:large, max-video-preview:-1\" \/>\n<link rel=\"canonical\" href=\"https:\/\/rustventure.com\/en\/how-does-rustventure-work\/\" \/>\n<meta property=\"og:locale\" content=\"en_US\" \/>\n<meta property=\"og:type\" content=\"article\" \/>\n<meta property=\"og:title\" content=\"How does RustVENTURE work? - RustVENTURE\" \/>\n<meta property=\"og:description\" content=\"How it works ? 01.CHOOSE YOUR CHALLENGE and register on time. By successfully registering you become a member of the RustVENTURE family. We&#8217;ve prepared a summer adventure for 2025. We will enjoy off-road, gravel and forest roads leading through mountains, streams along waterfalls to the sea. In winter we enjoy the snow. So we are [&hellip;]\" \/>\n<meta property=\"og:url\" content=\"https:\/\/rustventure.com\/en\/how-does-rustventure-work\/\" \/>\n<meta property=\"og:site_name\" content=\"RustVENTURE\" \/>\n<meta property=\"article:publisher\" content=\"https:\/\/www.facebook.com\/rustventure\" \/>\n<meta property=\"article:modified_time\" content=\"2025-02-24T11:38:41+00:00\" \/>\n<meta property=\"og:image\" content=\"https:\/\/rustventure.com\/wp-content\/uploads\/2025\/01\/Home_BG.jpg\" \/>\n\t<meta property=\"og:image:width\" content=\"2048\" \/>\n\t<meta property=\"og:image:height\" content=\"1352\" \/>\n\t<meta property=\"og:image:type\" content=\"image\/jpeg\" \/>\n<meta name=\"twitter:card\" content=\"summary_large_image\" \/>\n<meta name=\"twitter:label1\" content=\"Est. reading time\" \/>\n\t<meta name=\"twitter:data1\" content=\"2 minutes\" \/>\n<script type=\"application\/ld+json\" class=\"yoast-schema-graph\">{\"@context\":\"https:\/\/schema.org\",\"@graph\":[{\"@type\":\"WebPage\",\"@id\":\"https:\/\/rustventure.com\/en\/how-does-rustventure-work\/\",\"url\":\"https:\/\/rustventure.com\/en\/how-does-rustventure-work\/\",\"name\":\"How does RustVENTURE work? - RustVENTURE\",\"isPartOf\":{\"@id\":\"https:\/\/rustventure.com\/en\/#website\"},\"datePublished\":\"2025-01-26T11:20:43+00:00\",\"dateModified\":\"2025-02-24T11:38:41+00:00\",\"breadcrumb\":{\"@id\":\"https:\/\/rustventure.com\/en\/how-does-rustventure-work\/#breadcrumb\"},\"inLanguage\":\"en-US\",\"potentialAction\":[{\"@type\":\"ReadAction\",\"target\":[\"https:\/\/rustventure.com\/en\/how-does-rustventure-work\/\"]}]},{\"@type\":\"BreadcrumbList\",\"@id\":\"https:\/\/rustventure.com\/en\/how-does-rustventure-work\/#breadcrumb\",\"itemListElement\":[{\"@type\":\"ListItem\",\"position\":1,\"name\":\"Home\",\"item\":\"https:\/\/rustventure.com\/en\/\"},{\"@type\":\"ListItem\",\"position\":2,\"name\":\"How does RustVENTURE work?\"}]},{\"@type\":\"WebSite\",\"@id\":\"https:\/\/rustventure.com\/en\/#website\",\"url\":\"https:\/\/rustventure.com\/en\/\",\"name\":\"RustVENTURE\",\"description\":\"Nezabudnute\u013en\u00e9 dobrodru\u017estvo\",\"publisher\":{\"@id\":\"https:\/\/rustventure.com\/en\/#organization\"},\"potentialAction\":[{\"@type\":\"SearchAction\",\"target\":{\"@type\":\"EntryPoint\",\"urlTemplate\":\"https:\/\/rustventure.com\/en\/?s={search_term_string}\"},\"query-input\":{\"@type\":\"PropertyValueSpecification\",\"valueRequired\":true,\"valueName\":\"search_term_string\"}}],\"inLanguage\":\"en-US\"},{\"@type\":\"Organization\",\"@id\":\"https:\/\/rustventure.com\/en\/#organization\",\"name\":\"RustVENTURE\",\"url\":\"https:\/\/rustventure.com\/en\/\",\"logo\":{\"@type\":\"ImageObject\",\"inLanguage\":\"en-US\",\"@id\":\"https:\/\/rustventure.com\/en\/#\/schema\/logo\/image\/\",\"url\":\"https:\/\/rustventure.com\/wp-content\/uploads\/2025\/01\/cropped-logo.png\",\"contentUrl\":\"https:\/\/rustventure.com\/wp-content\/uploads\/2025\/01\/cropped-logo.png\",\"width\":512,\"height\":512,\"caption\":\"RustVENTURE\"},\"image\":{\"@id\":\"https:\/\/rustventure.com\/en\/#\/schema\/logo\/image\/\"},\"sameAs\":[\"https:\/\/www.facebook.com\/rustventure\",\"https:\/\/www.instagram.com\/rust_venture\/\"]}]}<\/script>\n<!-- \/ Yoast SEO plugin. -->","yoast_head_json":{"title":"How does RustVENTURE work? - RustVENTURE","robots":{"index":"index","follow":"follow","max-snippet":"max-snippet:-1","max-image-preview":"max-image-preview:large","max-video-preview":"max-video-preview:-1"},"canonical":"https:\/\/rustventure.com\/en\/how-does-rustventure-work\/","og_locale":"en_US","og_type":"article","og_title":"How does RustVENTURE work? - RustVENTURE","og_description":"How it works ? 01.CHOOSE YOUR CHALLENGE and register on time. By successfully registering you become a member of the RustVENTURE family. We&#8217;ve prepared a summer adventure for 2025. We will enjoy off-road, gravel and forest roads leading through mountains, streams along waterfalls to the sea. In winter we enjoy the snow. So we are [&hellip;]","og_url":"https:\/\/rustventure.com\/en\/how-does-rustventure-work\/","og_site_name":"RustVENTURE","article_publisher":"https:\/\/www.facebook.com\/rustventure","article_modified_time":"2025-02-24T11:38:41+00:00","og_image":[{"width":2048,"height":1352,"url":"https:\/\/rustventure.com\/wp-content\/uploads\/2025\/01\/Home_BG.jpg","type":"image\/jpeg"}],"twitter_card":"summary_large_image","twitter_misc":{"Est. reading time":"2 minutes"},"schema":{"@context":"https:\/\/schema.org","@graph":[{"@type":"WebPage","@id":"https:\/\/rustventure.com\/en\/how-does-rustventure-work\/","url":"https:\/\/rustventure.com\/en\/how-does-rustventure-work\/","name":"How does RustVENTURE work? - RustVENTURE","isPartOf":{"@id":"https:\/\/rustventure.com\/en\/#website"},"datePublished":"2025-01-26T11:20:43+00:00","dateModified":"2025-02-24T11:38:41+00:00","breadcrumb":{"@id":"https:\/\/rustventure.com\/en\/how-does-rustventure-work\/#breadcrumb"},"inLanguage":"en-US","potentialAction":[{"@type":"ReadAction","target":["https:\/\/rustventure.com\/en\/how-does-rustventure-work\/"]}]},{"@type":"BreadcrumbList","@id":"https:\/\/rustventure.com\/en\/how-does-rustventure-work\/#breadcrumb","itemListElement":[{"@type":"ListItem","position":1,"name":"Home","item":"https:\/\/rustventure.com\/en\/"},{"@type":"ListItem","position":2,"name":"How does RustVENTURE work?"}]},{"@type":"WebSite","@id":"https:\/\/rustventure.com\/en\/#website","url":"https:\/\/rustventure.com\/en\/","name":"RustVENTURE","description":"Nezabudnute\u013en\u00e9 dobrodru\u017estvo","publisher":{"@id":"https:\/\/rustventure.com\/en\/#organization"},"potentialAction":[{"@type":"SearchAction","target":{"@type":"EntryPoint","urlTemplate":"https:\/\/rustventure.com\/en\/?s={search_term_string}"},"query-input":{"@type":"PropertyValueSpecification","valueRequired":true,"valueName":"search_term_string"}}],"inLanguage":"en-US"},{"@type":"Organization","@id":"https:\/\/rustventure.com\/en\/#organization","name":"RustVENTURE","url":"https:\/\/rustventure.com\/en\/","logo":{"@type":"ImageObject","inLanguage":"en-US","@id":"https:\/\/rustventure.com\/en\/#\/schema\/logo\/image\/","url":"https:\/\/rustventure.com\/wp-content\/uploads\/2025\/01\/cropped-logo.png","contentUrl":"https:\/\/rustventure.com\/wp-content\/uploads\/2025\/01\/cropped-logo.png","width":512,"height":512,"caption":"RustVENTURE"},"image":{"@id":"https:\/\/rustventure.com\/en\/#\/schema\/logo\/image\/"},"sameAs":["https:\/\/www.facebook.com\/rustventure","https:\/\/www.instagram.com\/rust_venture\/"]}]}},"_links":{"self":[{"href":"https:\/\/rustventure.com\/en\/wp-json\/wp\/v2\/pages\/3267","targetHints":{"allow":["GET"]}}],"collection":[{"href":"https:\/\/rustventure.com\/en\/wp-json\/wp\/v2\/pages"}],"about":[{"href":"https:\/\/rustventure.com\/en\/wp-json\/wp\/v2\/types\/page"}],"author":[{"embeddable":true,"href":"https:\/\/rustventure.com\/en\/wp-json\/wp\/v2\/users\/1"}],"replies":[{"embeddable":true,"href":"https:\/\/rustventure.com\/en\/wp-json\/wp\/v2\/comments?post=3267"}],"version-history":[{"count":1,"href":"https:\/\/rustventure.com\/en\/wp-json\/wp\/v2\/pages\/3267\/revisions"}],"predecessor-version":[{"id":3269,"href":"https:\/\/rustventure.com\/en\/wp-json\/wp\/v2\/pages\/3267\/revisions\/3269"}],"wp:attachment":[{"href":"https:\/\/rustventure.com\/en\/wp-json\/wp\/v2\/media?parent=3267"}],"curies":[{"name":"wp","href":"https:\/\/api.w.org\/{rel}","templated":true}]}}