{"id":3266,"date":"2025-01-26T12:21:20","date_gmt":"2025-01-26T11:21:20","guid":{"rendered":"https:\/\/rustventure.com\/frequently-asked-questions\/"},"modified":"2025-02-24T12:38:41","modified_gmt":"2025-02-24T11:38:41","slug":"frequently-asked-questions","status":"publish","type":"page","link":"https:\/\/rustventure.com\/en\/frequently-asked-questions\/","title":{"rendered":"Frequently Asked Questions"},"content":{"rendered":"\t\t<div data-elementor-type=\"wp-page\" data-elementor-id=\"3266\" class=\"elementor elementor-3266 elementor-1145\" data-elementor-post-type=\"page\">\n\t\t\t\t<div class=\"elementor-element elementor-element-47db85b e-flex e-con-boxed e-con e-parent\" data-id=\"47db85b\" data-element_type=\"container\" data-settings=\"{&quot;background_background&quot;:&quot;classic&quot;}\">\n\t\t\t\t\t<div class=\"e-con-inner\">\n\t\t\t\t\t<\/div>\n\t\t\t\t<\/div>\n\t\t<div class=\"elementor-element elementor-element-b0e29cb e-flex e-con-boxed e-con e-parent\" data-id=\"b0e29cb\" data-element_type=\"container\">\n\t\t\t\t\t<div class=\"e-con-inner\">\n\t\t<div class=\"elementor-element elementor-element-4ce65e4 e-con-full e-flex e-con e-child\" data-id=\"4ce65e4\" data-element_type=\"container\" data-settings=\"{&quot;background_background&quot;:&quot;classic&quot;}\">\n\t\t\t\t<div class=\"elementor-element elementor-element-05f6033 elementor-headline--style-highlight elementor-widget elementor-widget-animated-headline\" data-id=\"05f6033\" data-element_type=\"widget\" data-settings=\"{&quot;highlighted_text&quot;:&quot;questions&quot;,&quot;headline_style&quot;:&quot;highlight&quot;,&quot;marker&quot;:&quot;circle&quot;,&quot;loop&quot;:&quot;yes&quot;,&quot;highlight_animation_duration&quot;:1200,&quot;highlight_iteration_delay&quot;:8000}\" data-widget_type=\"animated-headline.default\">\n\t\t\t\t<div class=\"elementor-widget-container\">\n\t\t\t\t\t\t\t<h3 class=\"elementor-headline\">\n\t\t\t\t\t<span class=\"elementor-headline-plain-text elementor-headline-text-wrapper\">Frequently asked<\/span>\n\t\t\t\t<span class=\"elementor-headline-dynamic-wrapper elementor-headline-text-wrapper\">\n\t\t\t\t\t<span class=\"elementor-headline-dynamic-text elementor-headline-text-active\">questions<\/span>\n\t\t\t\t<\/span>\n\t\t\t\t<\/h3>\n\t\t\t\t\t\t<\/div>\n\t\t\t\t<\/div>\n\t\t\t\t<div class=\"elementor-element elementor-element-79f6bb0 elementor-widget elementor-widget-text-editor\" data-id=\"79f6bb0\" data-element_type=\"widget\" data-widget_type=\"text-editor.default\">\n\t\t\t\t<div class=\"elementor-widget-container\">\n\t\t\t\t\t\t\t\t\t<h2>What if I&#8217;m not a professional rider?<\/h2><p>Well done so we are looking for you! Neither are we.<\/p>\t\t\t\t\t\t\t\t<\/div>\n\t\t\t\t<\/div>\n\t\t\t\t<div class=\"elementor-element elementor-element-8eb6e0f elementor-widget elementor-widget-text-editor\" data-id=\"8eb6e0f\" data-element_type=\"widget\" data-widget_type=\"text-editor.default\">\n\t\t\t\t<div class=\"elementor-widget-container\">\n\t\t\t\t\t\t\t\t\t<h2 class=\"Text__StyledSpan-sc-umvsug-0 MNpgc\">Where are you going?<\/h2><p>You will receive a Roadbook with check points and you can choose your own route. Checkpoints will be located in Hungary, Bosnia and Herzegovina, Montenegro and Albania.<\/p>\t\t\t\t\t\t\t\t<\/div>\n\t\t\t\t<\/div>\n\t\t\t\t<div class=\"elementor-element elementor-element-e27d1d0 elementor-widget elementor-widget-text-editor\" data-id=\"e27d1d0\" data-element_type=\"widget\" data-widget_type=\"text-editor.default\">\n\t\t\t\t<div class=\"elementor-widget-container\">\n\t\t\t\t\t\t\t\t\t<h2 class=\"Text__StyledSpan-sc-umvsug-0 MNpgc\">When are you going?<\/h2><p>28.6.2025 &#8211; 4.7.2025<\/p>\t\t\t\t\t\t\t\t<\/div>\n\t\t\t\t<\/div>\n\t\t\t\t<div class=\"elementor-element elementor-element-fac698a elementor-widget elementor-widget-text-editor\" data-id=\"fac698a\" data-element_type=\"widget\" data-widget_type=\"text-editor.default\">\n\t\t\t\t<div class=\"elementor-widget-container\">\n\t\t\t\t\t\t\t\t\t<h2 class=\"Text__StyledSpan-sc-umvsug-0 MNpgc\">How to prepare the vehicle?<\/h2><p>The vehicle should be able to handle a journey on an unpaved road. Creativity in editing is welcome and the best will be rewarded.<\/p>\t\t\t\t\t\t\t\t<\/div>\n\t\t\t\t<\/div>\n\t\t\t\t<div class=\"elementor-element elementor-element-579512a elementor-widget elementor-widget-text-editor\" data-id=\"579512a\" data-element_type=\"widget\" data-widget_type=\"text-editor.default\">\n\t\t\t\t<div class=\"elementor-widget-container\">\n\t\t\t\t\t\t\t\t\t<h2 class=\"Text__StyledSpan-sc-umvsug-0 MNpgc\">What if my car breaks down?<\/h2><p>Then you&#8217;re challenged to fix it.<\/p>\t\t\t\t\t\t\t\t<\/div>\n\t\t\t\t<\/div>\n\t\t\t\t<div class=\"elementor-element elementor-element-bdc0a9e elementor-widget elementor-widget-text-editor\" data-id=\"bdc0a9e\" data-element_type=\"widget\" data-widget_type=\"text-editor.default\">\n\t\t\t\t<div class=\"elementor-widget-container\">\n\t\t\t\t\t\t\t\t\t<h2 class=\"Text__StyledSpan-sc-umvsug-0 MNpgc\">What if I have a more expensive car than 999 Euros?<\/h2><p>Never mind! For from 2024 until further notice we have introduced a starter fee for all vehicles. So you can go on whatever you want \ud83d\ude42<\/p>\t\t\t\t\t\t\t\t<\/div>\n\t\t\t\t<\/div>\n\t\t\t\t<div class=\"elementor-element elementor-element-0b00aa2 elementor-widget elementor-widget-text-editor\" data-id=\"0b00aa2\" data-element_type=\"widget\" data-widget_type=\"text-editor.default\">\n\t\t\t\t<div class=\"elementor-widget-container\">\n\t\t\t\t\t\t\t\t\t<h2 class=\"Text__StyledSpan-sc-umvsug-0 MNpgc\">Where to sleep?<\/h2><p>Mostly in a tent, in a car or in a private home with locals.<\/p>\t\t\t\t\t\t\t\t<\/div>\n\t\t\t\t<\/div>\n\t\t\t\t<div class=\"elementor-element elementor-element-34ea739 elementor-widget elementor-widget-text-editor\" data-id=\"34ea739\" data-element_type=\"widget\" data-widget_type=\"text-editor.default\">\n\t\t\t\t<div class=\"elementor-widget-container\">\n\t\t\t\t\t\t\t\t\t<h2 class=\"Text__StyledSpan-sc-umvsug-0 MNpgc\">What&#8217;s up?<\/h2><p>What you take with you or what you buy. Adapt food and shopping to the planned route.<\/p>\t\t\t\t\t\t\t\t<\/div>\n\t\t\t\t<\/div>\n\t\t\t\t<div class=\"elementor-element elementor-element-980cd19 elementor-widget elementor-widget-text-editor\" data-id=\"980cd19\" data-element_type=\"widget\" data-widget_type=\"text-editor.default\">\n\t\t\t\t<div class=\"elementor-widget-container\">\n\t\t\t\t\t\t\t\t\t<h2 class=\"Text__StyledSpan-sc-umvsug-0 MNpgc\">What vehicle is allowed?<\/h2><p>Whatever!<\/p>\t\t\t\t\t\t\t\t<\/div>\n\t\t\t\t<\/div>\n\t\t\t\t<div class=\"elementor-element elementor-element-def1f22 elementor-widget elementor-widget-text-editor\" data-id=\"def1f22\" data-element_type=\"widget\" data-widget_type=\"text-editor.default\">\n\t\t\t\t<div class=\"elementor-widget-container\">\n\t\t\t\t\t\t\t\t\t<h2 class=\"Text__StyledSpan-sc-umvsug-0 MNpgc\">Going on time?<\/h2><p>No. The route must be completed within a reasonable time set by the challenge deadline.<\/p>\t\t\t\t\t\t\t\t<\/div>\n\t\t\t\t<\/div>\n\t\t\t\t<div class=\"elementor-element elementor-element-50ddb69 elementor-widget elementor-widget-text-editor\" data-id=\"50ddb69\" data-element_type=\"widget\" data-widget_type=\"text-editor.default\">\n\t\t\t\t<div class=\"elementor-widget-container\">\n\t\t\t\t\t\t\t\t\t<h2 class=\"Text__StyledSpan-sc-umvsug-0 MNpgc\">What if someone in the RustVENTURE family&#8217;s car breaks down?<\/h2><p>I&#8217;ll stop and try to help him.<\/p>\t\t\t\t\t\t\t\t<\/div>\n\t\t\t\t<\/div>\n\t\t\t\t<div class=\"elementor-element elementor-element-fe70db2 elementor-widget elementor-widget-text-editor\" data-id=\"fe70db2\" data-element_type=\"widget\" data-widget_type=\"text-editor.default\">\n\t\t\t\t<div class=\"elementor-widget-container\">\n\t\t\t\t\t\t\t\t\t<h2 class=\"Text__StyledSpan-sc-umvsug-0 MNpgc\">What is the value of my car?<\/h2><p>Estimate the value approximately. We won&#8217;t be policing you, but at the finish line, each participant will have the right to come up to you and offer you 1,500 Euros to buy your car when you get home. If you refuse, your car falls into the &#8220;Maybach&#8221; category. You must then sell the car, or you can protect yourself from being sold by paying a higher starting fee to the &#8220;Maybach&#8221; category. If you still want to consult us, please contact Mario and he will be happy to help you: +421 903 410 951.<\/p>\t\t\t\t\t\t\t\t<\/div>\n\t\t\t\t<\/div>\n\t\t\t\t<\/div>\n\t\t<div class=\"elementor-element elementor-element-836108f e-con-full e-flex e-con e-child\" data-id=\"836108f\" data-element_type=\"container\">\n\t\t\t\t<div class=\"elementor-element elementor-element-67024e3 elementor-cta--skin-cover elementor-animated-content elementor-bg-transform elementor-bg-transform-zoom-in elementor-widget elementor-widget-call-to-action\" data-id=\"67024e3\" data-element_type=\"widget\" data-widget_type=\"call-to-action.default\">\n\t\t\t\t<div class=\"elementor-widget-container\">\n\t\t\t\t\t\t\t<div class=\"elementor-cta\">\n\t\t\t\t\t<div class=\"elementor-cta__bg-wrapper\">\n\t\t\t\t<div class=\"elementor-cta__bg elementor-bg\" style=\"background-image: url(https:\/\/rustventure.com\/wp-content\/uploads\/2025\/01\/IMG_8564_Fotogenic_2c980988f4-1024x731.webp);\" role=\"img\" aria-label=\"IMG_8564_Fotogenic_2c980988f4\"><\/div>\n\t\t\t\t<div class=\"elementor-cta__bg-overlay\"><\/div>\n\t\t\t<\/div>\n\t\t\t\t\t\t\t<div class=\"elementor-cta__content\">\n\t\t\t\t\n\t\t\t\t\t\t\t\t\t<h2 class=\"elementor-cta__title elementor-cta__content-item elementor-content-item elementor-animated-item--grow\">\n\t\t\t\t\t\tI want to experience it\t\t\t\t\t<\/h2>\n\t\t\t\t\n\t\t\t\t\t\t\t\t\t<div class=\"elementor-cta__description elementor-cta__content-item elementor-content-item elementor-animated-item--grow\">\n\t\t\t\t\t\tRustVENTURE is an unforgettable adventure.\t\t\t\t\t<\/div>\n\t\t\t\t\n\t\t\t\t\t\t\t\t\t<div class=\"elementor-cta__button-wrapper elementor-cta__content-item elementor-content-item elementor-animated-item--grow\">\n\t\t\t\t\t<a class=\"elementor-cta__button elementor-button elementor-size-\" href=\"https:\/\/rustventure.com\/registracia\/\">\n\t\t\t\t\t\tRegister now\t\t\t\t\t<\/a>\n\t\t\t\t\t<\/div>\n\t\t\t\t\t\t\t<\/div>\n\t\t\t\t\t\t<\/div>\n\t\t\t\t\t\t<\/div>\n\t\t\t\t<\/div>\n\t\t\t\t<\/div>\n\t\t\t\t\t<\/div>\n\t\t\t\t<\/div>\n\t\t\t\t<\/div>\n\t\t","protected":false},"excerpt":{"rendered":"<p>Frequently asked questions What if I&#8217;m not a professional rider? Well done so we are looking for you! Neither are we. Where are you going? You will receive a Roadbook with check points and you can choose your own route. Checkpoints will be located in Hungary, Bosnia and Herzegovina, Montenegro and Albania. When are you [&hellip;]<\/p>\n","protected":false},"author":1,"featured_media":0,"parent":0,"menu_order":0,"comment_status":"closed","ping_status":"closed","template":"","meta":{"site-sidebar-layout":"no-sidebar","site-content-layout":"page-builder","ast-site-content-layout":"full-width-container","site-content-style":"default","site-sidebar-style":"default","ast-global-header-display":"","ast-banner-title-visibility":"","ast-main-header-display":"","ast-hfb-above-header-display":"","ast-hfb-below-header-display":"","ast-hfb-mobile-header-display":"","site-post-title":"disabled","ast-breadcrumbs-content":"","ast-featured-img":"disabled","footer-sml-layout":"","theme-transparent-header-meta":"","adv-header-id-meta":"","stick-header-meta":"","header-above-stick-meta":"","header-main-stick-meta":"","header-below-stick-meta":"","astra-migrate-meta-layouts":"default","ast-page-background-enabled":"default","ast-page-background-meta":{"desktop":{"background-color":"","background-image":"","background-repeat":"repeat","background-position":"center center","background-size":"auto","background-attachment":"scroll","background-type":"","background-media":"","overlay-type":"","overlay-color":"","overlay-opacity":"","overlay-gradient":""},"tablet":{"background-color":"","background-image":"","background-repeat":"repeat","background-position":"center center","background-size":"auto","background-attachment":"scroll","background-type":"","background-media":"","overlay-type":"","overlay-color":"","overlay-opacity":"","overlay-gradient":""},"mobile":{"background-color":"","background-image":"","background-repeat":"repeat","background-position":"center center","background-size":"auto","background-attachment":"scroll","background-type":"","background-media":"","overlay-type":"","overlay-color":"","overlay-opacity":"","overlay-gradient":""}},"ast-content-background-meta":{"desktop":{"background-color":"var(--ast-global-color-5)","background-image":"","background-repeat":"repeat","background-position":"center center","background-size":"auto","background-attachment":"scroll","background-type":"","background-media":"","overlay-type":"","overlay-color":"","overlay-opacity":"","overlay-gradient":""},"tablet":{"background-color":"var(--ast-global-color-5)","background-image":"","background-repeat":"repeat","background-position":"center center","background-size":"auto","background-attachment":"scroll","background-type":"","background-media":"","overlay-type":"","overlay-color":"","overlay-opacity":"","overlay-gradient":""},"mobile":{"background-color":"var(--ast-global-color-5)","background-image":"","background-repeat":"repeat","background-position":"center center","background-size":"auto","background-attachment":"scroll","background-type":"","background-media":"","overlay-type":"","overlay-color":"","overlay-opacity":"","overlay-gradient":""}},"footnotes":""},"class_list":["post-3266","page","type-page","status-publish","hentry"],"yoast_head":"<!-- This site is optimized with the Yoast SEO plugin v24.5 - https:\/\/yoast.com\/wordpress\/plugins\/seo\/ -->\n<title>Frequently Asked Questions - RustVENTURE<\/title>\n<meta name=\"robots\" content=\"index, follow, max-snippet:-1, max-image-preview:large, max-video-preview:-1\" \/>\n<link rel=\"canonical\" href=\"https:\/\/rustventure.com\/en\/frequently-asked-questions\/\" \/>\n<meta property=\"og:locale\" content=\"en_US\" \/>\n<meta property=\"og:type\" content=\"article\" \/>\n<meta property=\"og:title\" content=\"Frequently Asked Questions - RustVENTURE\" \/>\n<meta property=\"og:description\" content=\"Frequently asked questions What if I&#8217;m not a professional rider? Well done so we are looking for you! Neither are we. Where are you going? You will receive a Roadbook with check points and you can choose your own route. Checkpoints will be located in Hungary, Bosnia and Herzegovina, Montenegro and Albania. When are you [&hellip;]\" \/>\n<meta property=\"og:url\" content=\"https:\/\/rustventure.com\/en\/frequently-asked-questions\/\" \/>\n<meta property=\"og:site_name\" content=\"RustVENTURE\" \/>\n<meta property=\"article:publisher\" content=\"https:\/\/www.facebook.com\/rustventure\" \/>\n<meta property=\"article:modified_time\" content=\"2025-02-24T11:38:41+00:00\" \/>\n<meta property=\"og:image\" content=\"https:\/\/rustventure.com\/wp-content\/uploads\/2025\/01\/Home_BG.jpg\" \/>\n\t<meta property=\"og:image:width\" content=\"2048\" \/>\n\t<meta property=\"og:image:height\" content=\"1352\" \/>\n\t<meta property=\"og:image:type\" content=\"image\/jpeg\" \/>\n<meta name=\"twitter:card\" content=\"summary_large_image\" \/>\n<meta name=\"twitter:label1\" content=\"Est. reading time\" \/>\n\t<meta name=\"twitter:data1\" content=\"2 minutes\" \/>\n<script type=\"application\/ld+json\" class=\"yoast-schema-graph\">{\"@context\":\"https:\/\/schema.org\",\"@graph\":[{\"@type\":\"WebPage\",\"@id\":\"https:\/\/rustventure.com\/en\/frequently-asked-questions\/\",\"url\":\"https:\/\/rustventure.com\/en\/frequently-asked-questions\/\",\"name\":\"Frequently Asked Questions - RustVENTURE\",\"isPartOf\":{\"@id\":\"https:\/\/rustventure.com\/en\/#website\"},\"datePublished\":\"2025-01-26T11:21:20+00:00\",\"dateModified\":\"2025-02-24T11:38:41+00:00\",\"breadcrumb\":{\"@id\":\"https:\/\/rustventure.com\/en\/frequently-asked-questions\/#breadcrumb\"},\"inLanguage\":\"en-US\",\"potentialAction\":[{\"@type\":\"ReadAction\",\"target\":[\"https:\/\/rustventure.com\/en\/frequently-asked-questions\/\"]}]},{\"@type\":\"BreadcrumbList\",\"@id\":\"https:\/\/rustventure.com\/en\/frequently-asked-questions\/#breadcrumb\",\"itemListElement\":[{\"@type\":\"ListItem\",\"position\":1,\"name\":\"Home\",\"item\":\"https:\/\/rustventure.com\/en\/\"},{\"@type\":\"ListItem\",\"position\":2,\"name\":\"Frequently Asked Questions\"}]},{\"@type\":\"WebSite\",\"@id\":\"https:\/\/rustventure.com\/en\/#website\",\"url\":\"https:\/\/rustventure.com\/en\/\",\"name\":\"RustVENTURE\",\"description\":\"Nezabudnute\u013en\u00e9 dobrodru\u017estvo\",\"publisher\":{\"@id\":\"https:\/\/rustventure.com\/en\/#organization\"},\"potentialAction\":[{\"@type\":\"SearchAction\",\"target\":{\"@type\":\"EntryPoint\",\"urlTemplate\":\"https:\/\/rustventure.com\/en\/?s={search_term_string}\"},\"query-input\":{\"@type\":\"PropertyValueSpecification\",\"valueRequired\":true,\"valueName\":\"search_term_string\"}}],\"inLanguage\":\"en-US\"},{\"@type\":\"Organization\",\"@id\":\"https:\/\/rustventure.com\/en\/#organization\",\"name\":\"RustVENTURE\",\"url\":\"https:\/\/rustventure.com\/en\/\",\"logo\":{\"@type\":\"ImageObject\",\"inLanguage\":\"en-US\",\"@id\":\"https:\/\/rustventure.com\/en\/#\/schema\/logo\/image\/\",\"url\":\"https:\/\/rustventure.com\/wp-content\/uploads\/2025\/01\/cropped-logo.png\",\"contentUrl\":\"https:\/\/rustventure.com\/wp-content\/uploads\/2025\/01\/cropped-logo.png\",\"width\":512,\"height\":512,\"caption\":\"RustVENTURE\"},\"image\":{\"@id\":\"https:\/\/rustventure.com\/en\/#\/schema\/logo\/image\/\"},\"sameAs\":[\"https:\/\/www.facebook.com\/rustventure\",\"https:\/\/www.instagram.com\/rust_venture\/\"]}]}<\/script>\n<!-- \/ Yoast SEO plugin. -->","yoast_head_json":{"title":"Frequently Asked Questions - RustVENTURE","robots":{"index":"index","follow":"follow","max-snippet":"max-snippet:-1","max-image-preview":"max-image-preview:large","max-video-preview":"max-video-preview:-1"},"canonical":"https:\/\/rustventure.com\/en\/frequently-asked-questions\/","og_locale":"en_US","og_type":"article","og_title":"Frequently Asked Questions - RustVENTURE","og_description":"Frequently asked questions What if I&#8217;m not a professional rider? Well done so we are looking for you! Neither are we. Where are you going? You will receive a Roadbook with check points and you can choose your own route. Checkpoints will be located in Hungary, Bosnia and Herzegovina, Montenegro and Albania. When are you [&hellip;]","og_url":"https:\/\/rustventure.com\/en\/frequently-asked-questions\/","og_site_name":"RustVENTURE","article_publisher":"https:\/\/www.facebook.com\/rustventure","article_modified_time":"2025-02-24T11:38:41+00:00","og_image":[{"width":2048,"height":1352,"url":"https:\/\/rustventure.com\/wp-content\/uploads\/2025\/01\/Home_BG.jpg","type":"image\/jpeg"}],"twitter_card":"summary_large_image","twitter_misc":{"Est. reading time":"2 minutes"},"schema":{"@context":"https:\/\/schema.org","@graph":[{"@type":"WebPage","@id":"https:\/\/rustventure.com\/en\/frequently-asked-questions\/","url":"https:\/\/rustventure.com\/en\/frequently-asked-questions\/","name":"Frequently Asked Questions - RustVENTURE","isPartOf":{"@id":"https:\/\/rustventure.com\/en\/#website"},"datePublished":"2025-01-26T11:21:20+00:00","dateModified":"2025-02-24T11:38:41+00:00","breadcrumb":{"@id":"https:\/\/rustventure.com\/en\/frequently-asked-questions\/#breadcrumb"},"inLanguage":"en-US","potentialAction":[{"@type":"ReadAction","target":["https:\/\/rustventure.com\/en\/frequently-asked-questions\/"]}]},{"@type":"BreadcrumbList","@id":"https:\/\/rustventure.com\/en\/frequently-asked-questions\/#breadcrumb","itemListElement":[{"@type":"ListItem","position":1,"name":"Home","item":"https:\/\/rustventure.com\/en\/"},{"@type":"ListItem","position":2,"name":"Frequently Asked Questions"}]},{"@type":"WebSite","@id":"https:\/\/rustventure.com\/en\/#website","url":"https:\/\/rustventure.com\/en\/","name":"RustVENTURE","description":"Nezabudnute\u013en\u00e9 dobrodru\u017estvo","publisher":{"@id":"https:\/\/rustventure.com\/en\/#organization"},"potentialAction":[{"@type":"SearchAction","target":{"@type":"EntryPoint","urlTemplate":"https:\/\/rustventure.com\/en\/?s={search_term_string}"},"query-input":{"@type":"PropertyValueSpecification","valueRequired":true,"valueName":"search_term_string"}}],"inLanguage":"en-US"},{"@type":"Organization","@id":"https:\/\/rustventure.com\/en\/#organization","name":"RustVENTURE","url":"https:\/\/rustventure.com\/en\/","logo":{"@type":"ImageObject","inLanguage":"en-US","@id":"https:\/\/rustventure.com\/en\/#\/schema\/logo\/image\/","url":"https:\/\/rustventure.com\/wp-content\/uploads\/2025\/01\/cropped-logo.png","contentUrl":"https:\/\/rustventure.com\/wp-content\/uploads\/2025\/01\/cropped-logo.png","width":512,"height":512,"caption":"RustVENTURE"},"image":{"@id":"https:\/\/rustventure.com\/en\/#\/schema\/logo\/image\/"},"sameAs":["https:\/\/www.facebook.com\/rustventure","https:\/\/www.instagram.com\/rust_venture\/"]}]}},"_links":{"self":[{"href":"https:\/\/rustventure.com\/en\/wp-json\/wp\/v2\/pages\/3266","targetHints":{"allow":["GET"]}}],"collection":[{"href":"https:\/\/rustventure.com\/en\/wp-json\/wp\/v2\/pages"}],"about":[{"href":"https:\/\/rustventure.com\/en\/wp-json\/wp\/v2\/types\/page"}],"author":[{"embeddable":true,"href":"https:\/\/rustventure.com\/en\/wp-json\/wp\/v2\/users\/1"}],"replies":[{"embeddable":true,"href":"https:\/\/rustventure.com\/en\/wp-json\/wp\/v2\/comments?post=3266"}],"version-history":[{"count":1,"href":"https:\/\/rustventure.com\/en\/wp-json\/wp\/v2\/pages\/3266\/revisions"}],"predecessor-version":[{"id":3268,"href":"https:\/\/rustventure.com\/en\/wp-json\/wp\/v2\/pages\/3266\/revisions\/3268"}],"wp:attachment":[{"href":"https:\/\/rustventure.com\/en\/wp-json\/wp\/v2\/media?parent=3266"}],"curies":[{"name":"wp","href":"https:\/\/api.w.org\/{rel}","templated":true}]}}